{"id":3117,"date":"2017-01-24T10:55:34","date_gmt":"2017-01-24T09:55:34","guid":{"rendered":"http:\/\/asviagens.com\/?page_id=3117"},"modified":"2022-08-26T16:43:05","modified_gmt":"2022-08-26T15:43:05","slug":"gear-list-goncalo","status":"publish","type":"page","link":"https:\/\/asviagens.com\/blog\/gear-list-goncalo\/","title":{"rendered":"Gon\u00e7alo Franco"},"content":{"rendered":"<p class=\"title\"><a href=\"http:\/\/asviagens.com\/wp-content\/uploads\/2017\/03\/2017-03-18-13.38.45.jpg\" rel=\"lightbox[3117]\"><img loading=\"lazy\" decoding=\"async\" data-attachment-id=\"3433\" data-permalink=\"https:\/\/asviagens.com\/blog\/gear-list-goncalo\/2017-03-18-13-38-45\/\" data-orig-file=\"https:\/\/asviagens.com\/blog\/wp-content\/uploads\/2017\/03\/2017-03-18-13.38.45.jpg\" data-orig-size=\"1500,844\" data-comments-opened=\"1\" data-image-meta=\"{&quot;aperture&quot;:&quot;1.7&quot;,&quot;credit&quot;:&quot;&quot;,&quot;camera&quot;:&quot;SM-G930F&quot;,&quot;caption&quot;:&quot;&quot;,&quot;created_timestamp&quot;:&quot;1489844244&quot;,&quot;copyright&quot;:&quot;&quot;,&quot;focal_length&quot;:&quot;4.2&quot;,&quot;iso&quot;:&quot;40&quot;,&quot;shutter_speed&quot;:&quot;0.00045454545454545&quot;,&quot;title&quot;:&quot;&quot;,&quot;orientation&quot;:&quot;1&quot;}\" data-image-title=\"2017-03-18 13.38.45\" data-image-description=\"\" data-image-caption=\"\" data-large-file=\"https:\/\/asviagens.com\/blog\/wp-content\/uploads\/2017\/03\/2017-03-18-13.38.45-1024x576.jpg\" class=\"wp-image-3433 alignleft\" src=\"http:\/\/asviagens.com\/wp-content\/uploads\/2017\/03\/2017-03-18-13.38.45-1024x576.jpg\" alt=\"\" width=\"325\" height=\"183\" srcset=\"https:\/\/asviagens.com\/blog\/wp-content\/uploads\/2017\/03\/2017-03-18-13.38.45-1024x576.jpg 1024w, https:\/\/asviagens.com\/blog\/wp-content\/uploads\/2017\/03\/2017-03-18-13.38.45-300x169.jpg 300w, https:\/\/asviagens.com\/blog\/wp-content\/uploads\/2017\/03\/2017-03-18-13.38.45-768x432.jpg 768w, https:\/\/asviagens.com\/blog\/wp-content\/uploads\/2017\/03\/2017-03-18-13.38.45.jpg 1500w\" sizes=\"auto, (max-width: 325px) 100vw, 325px\" \/><\/a><\/p>\n<p class=\"title\">O gosto por viagens \u00e9 imenso, e cada vez maior, sejam de que tipo forem. Quanto ao andar de mota \u00e9 mesmo\u00a0uma paix\u00e3o mas n\u00e3o s\u00f3 isso como tudo \u00e0 sua volta, viajar de mota \u00e9 mais do que uma viagem, \u00e9 a envolv\u00eancia com o meio e o sentido de aventura, \u00e9 toda a indument\u00e1ria, a camaradagem, os novos amigos e o dedo de conversa sempre ali pronto, apenas porque sim. Juntando tudo isso com o j\u00e1 enraizado gosto por viagens, fica esta vontade de partilhar todas essas viv\u00eancias. Este\u00a0logotipo \u00e9 original (feito por mim) e representa a moto em si e a aventura envolvida. \u00a0Quem gosta de viajar gosta de ir t\u00e3o perto ou t\u00e3o longe quanto possa, ver e sentir coisas novas e diferentes, novas culturas e novos ambientes. E para ir longe, o melhor \u00e9 ir de moto, at\u00e9 <strong>atr\u00e1s do sol posto<\/strong>. (Nome do meu anterior projecto a solo)<\/p>\n<p class=\"title\">\u00a0Tenho tamb\u00e9m um enorme gosto por bicicletas, de todos os tipos, as quais j\u00e1 tive diversas, embora nunca tenha feito um viagem longa. De momento apenas tenho uma costum, pensada para passeios em estrada ou ciclovia e viagens para o trabalho.<\/p>\n<div class=\"body-text\">\n<div class=\"tiled-gallery type-rectangular tiled-gallery-unresized\" data-original-width=\"740\" data-carousel-extra='{&quot;blog_id&quot;:1,&quot;permalink&quot;:&quot;https:\\\/\\\/asviagens.com\\\/blog\\\/gear-list-goncalo\\\/&quot;,&quot;likes_blog_id&quot;:170000836}' itemscope itemtype=\"http:\/\/schema.org\/ImageGallery\" > <div class=\"gallery-row\" style=\"width: 740px; height: 248px;\" data-original-width=\"740\" data-original-height=\"248\" > <div class=\"gallery-group images-2\" style=\"width: 164px; height: 248px;\" data-original-width=\"164\" data-original-height=\"248\" > <div class=\"tiled-gallery-item tiled-gallery-item-small\" itemprop=\"associatedMedia\" itemscope itemtype=\"http:\/\/schema.org\/ImageObject\"> <a href=\"https:\/\/i0.wp.com\/asviagens.com\/blog\/wp-content\/uploads\/2016\/06\/g01708142.jpg?ssl=1\" border=\"0\" itemprop=\"url\" rel=\"lightbox[3117]\"> <meta itemprop=\"width\" content=\"160\"> <meta itemprop=\"height\" content=\"120\"> <img decoding=\"async\" class=\"\" data-attachment-id=\"1918\" data-orig-file=\"https:\/\/asviagens.com\/blog\/wp-content\/uploads\/2016\/06\/g01708142.jpg\" data-orig-size=\"4000,3000\" data-comments-opened=\"1\" data-image-meta=\"{&quot;aperture&quot;:&quot;2.8&quot;,&quot;credit&quot;:&quot;&quot;,&quot;camera&quot;:&quot;HERO4 Silver&quot;,&quot;caption&quot;:&quot;&quot;,&quot;created_timestamp&quot;:&quot;0&quot;,&quot;copyright&quot;:&quot;&quot;,&quot;focal_length&quot;:&quot;3&quot;,&quot;iso&quot;:&quot;100&quot;,&quot;shutter_speed&quot;:&quot;0.0009&quot;,&quot;title&quot;:&quot;&quot;,&quot;orientation&quot;:&quot;1&quot;}\" data-image-title=\"g0170814.jpg\" data-image-description=\"\" data-medium-file=\"https:\/\/asviagens.com\/blog\/wp-content\/uploads\/2016\/06\/g01708142-300x225.jpg\" data-large-file=\"https:\/\/asviagens.com\/blog\/wp-content\/uploads\/2016\/06\/g01708142-1024x768.jpg\" src=\"https:\/\/i0.wp.com\/asviagens.com\/blog\/wp-content\/uploads\/2016\/06\/g01708142.jpg?w=160&#038;h=120&#038;ssl=1\" srcset=\"https:\/\/asviagens.com\/blog\/wp-content\/uploads\/2016\/06\/g01708142.jpg 4000w, https:\/\/asviagens.com\/blog\/wp-content\/uploads\/2016\/06\/g01708142-300x225.jpg 300w, https:\/\/asviagens.com\/blog\/wp-content\/uploads\/2016\/06\/g01708142-768x576.jpg 768w, https:\/\/asviagens.com\/blog\/wp-content\/uploads\/2016\/06\/g01708142-1024x768.jpg 1024w\" width=\"160\" height=\"120\" loading=\"lazy\" data-original-width=\"160\" data-original-height=\"120\" itemprop=\"http:\/\/schema.org\/image\" title=\"g0170814.jpg\" alt=\"Ronda\" style=\"width: 160px; height: 120px;\" \/> <\/a> <div class=\"tiled-gallery-caption\" itemprop=\"caption description\"> Ronda <\/div> <\/div> <div class=\"tiled-gallery-item tiled-gallery-item-small\" itemprop=\"associatedMedia\" itemscope itemtype=\"http:\/\/schema.org\/ImageObject\"> <a href=\"https:\/\/i0.wp.com\/asviagens.com\/blog\/wp-content\/uploads\/2016\/08\/20160719_110527.jpg?ssl=1\" border=\"0\" itemprop=\"url\" rel=\"lightbox[3117]\"> <meta itemprop=\"width\" content=\"160\"> <meta itemprop=\"height\" content=\"120\"> <img decoding=\"async\" class=\"\" data-attachment-id=\"1995\" data-orig-file=\"https:\/\/asviagens.com\/blog\/wp-content\/uploads\/2016\/08\/20160719_110527.jpg\" data-orig-size=\"4032,3024\" data-comments-opened=\"1\" data-image-meta=\"{&quot;aperture&quot;:&quot;1.7&quot;,&quot;credit&quot;:&quot;&quot;,&quot;camera&quot;:&quot;SM-G935F&quot;,&quot;caption&quot;:&quot;&quot;,&quot;created_timestamp&quot;:&quot;0&quot;,&quot;copyright&quot;:&quot;&quot;,&quot;focal_length&quot;:&quot;4.2&quot;,&quot;iso&quot;:&quot;50&quot;,&quot;shutter_speed&quot;:&quot;0.0005&quot;,&quot;title&quot;:&quot;&quot;,&quot;orientation&quot;:&quot;1&quot;}\" data-image-title=\"20160719_110527.jpg\" data-image-description=\"\" data-medium-file=\"https:\/\/asviagens.com\/blog\/wp-content\/uploads\/2016\/08\/20160719_110527-300x225.jpg\" data-large-file=\"https:\/\/asviagens.com\/blog\/wp-content\/uploads\/2016\/08\/20160719_110527-1024x768.jpg\" src=\"https:\/\/i0.wp.com\/asviagens.com\/blog\/wp-content\/uploads\/2016\/08\/20160719_110527.jpg?w=160&#038;h=120&#038;ssl=1\" srcset=\"https:\/\/asviagens.com\/blog\/wp-content\/uploads\/2016\/08\/20160719_110527.jpg 4032w, https:\/\/asviagens.com\/blog\/wp-content\/uploads\/2016\/08\/20160719_110527-300x225.jpg 300w, https:\/\/asviagens.com\/blog\/wp-content\/uploads\/2016\/08\/20160719_110527-768x576.jpg 768w, https:\/\/asviagens.com\/blog\/wp-content\/uploads\/2016\/08\/20160719_110527-1024x768.jpg 1024w\" width=\"160\" height=\"120\" loading=\"lazy\" data-original-width=\"160\" data-original-height=\"120\" itemprop=\"http:\/\/schema.org\/image\" title=\"20160719_110527.jpg\" alt=\"Ger\u00eas\" style=\"width: 160px; height: 120px;\" \/> <\/a> <div class=\"tiled-gallery-caption\" itemprop=\"caption description\"> Ger\u00eas <\/div> <\/div> <\/div> <!-- close group --> <div class=\"gallery-group images-1\" style=\"width: 329px; height: 248px;\" data-original-width=\"329\" data-original-height=\"248\" > <div class=\"tiled-gallery-item tiled-gallery-item-large\" itemprop=\"associatedMedia\" itemscope itemtype=\"http:\/\/schema.org\/ImageObject\"> <a href=\"https:\/\/i0.wp.com\/asviagens.com\/blog\/wp-content\/uploads\/2016\/12\/20161125_163543.jpg?ssl=1\" border=\"0\" itemprop=\"url\" rel=\"lightbox[3117]\"> <meta itemprop=\"width\" content=\"325\"> <meta itemprop=\"height\" content=\"244\"> <img decoding=\"async\" class=\"\" data-attachment-id=\"2309\" data-orig-file=\"https:\/\/asviagens.com\/blog\/wp-content\/uploads\/2016\/12\/20161125_163543.jpg\" data-orig-size=\"1024,768\" data-comments-opened=\"1\" data-image-meta=\"{&quot;aperture&quot;:&quot;0&quot;,&quot;credit&quot;:&quot;&quot;,&quot;camera&quot;:&quot;&quot;,&quot;caption&quot;:&quot;&quot;,&quot;created_timestamp&quot;:&quot;0&quot;,&quot;copyright&quot;:&quot;&quot;,&quot;focal_length&quot;:&quot;0&quot;,&quot;iso&quot;:&quot;0&quot;,&quot;shutter_speed&quot;:&quot;0&quot;,&quot;title&quot;:&quot;&quot;,&quot;orientation&quot;:&quot;0&quot;}\" data-image-title=\"20161125_163543\" data-image-description=\"\" data-medium-file=\"https:\/\/asviagens.com\/blog\/wp-content\/uploads\/2016\/12\/20161125_163543-300x225.jpg\" data-large-file=\"https:\/\/asviagens.com\/blog\/wp-content\/uploads\/2016\/12\/20161125_163543-1024x768.jpg\" src=\"https:\/\/i0.wp.com\/asviagens.com\/blog\/wp-content\/uploads\/2016\/12\/20161125_163543.jpg?w=325&#038;h=244&#038;ssl=1\" srcset=\"https:\/\/asviagens.com\/blog\/wp-content\/uploads\/2016\/12\/20161125_163543.jpg 1024w, https:\/\/asviagens.com\/blog\/wp-content\/uploads\/2016\/12\/20161125_163543-300x225.jpg 300w, https:\/\/asviagens.com\/blog\/wp-content\/uploads\/2016\/12\/20161125_163543-768x576.jpg 768w\" width=\"325\" height=\"244\" loading=\"lazy\" data-original-width=\"325\" data-original-height=\"244\" itemprop=\"http:\/\/schema.org\/image\" title=\"20161125_163543\" alt=\"Tail\u00e2ndia - Samsoeng loop!\" style=\"width: 325px; height: 244px;\" \/> <\/a> <div class=\"tiled-gallery-caption\" itemprop=\"caption description\"> Tail\u00e2ndia &#8211; Samsoeng loop! <\/div> <\/div> <\/div> <!-- close group --> <div class=\"gallery-group images-1\" style=\"width: 247px; height: 248px;\" data-original-width=\"247\" data-original-height=\"248\" > <div class=\"tiled-gallery-item tiled-gallery-item-small\" itemprop=\"associatedMedia\" itemscope itemtype=\"http:\/\/schema.org\/ImageObject\"> <a href=\"https:\/\/i0.wp.com\/asviagens.com\/blog\/wp-content\/uploads\/2016\/06\/20160420_085343-0101.jpg?ssl=1\" border=\"0\" itemprop=\"url\" rel=\"lightbox[3117]\"> <meta itemprop=\"width\" content=\"243\"> <meta itemprop=\"height\" content=\"244\"> <img decoding=\"async\" class=\"\" data-attachment-id=\"1952\" data-orig-file=\"https:\/\/asviagens.com\/blog\/wp-content\/uploads\/2016\/06\/20160420_085343-0101.jpg\" data-orig-size=\"2988,2988\" data-comments-opened=\"1\" data-image-meta=\"{&quot;aperture&quot;:&quot;1.9&quot;,&quot;credit&quot;:&quot;&quot;,&quot;camera&quot;:&quot;SM-G920F&quot;,&quot;caption&quot;:&quot;&quot;,&quot;created_timestamp&quot;:&quot;1461142422&quot;,&quot;copyright&quot;:&quot;&quot;,&quot;focal_length&quot;:&quot;4.3&quot;,&quot;iso&quot;:&quot;40&quot;,&quot;shutter_speed&quot;:&quot;0.00473933649289&quot;,&quot;title&quot;:&quot;&quot;,&quot;orientation&quot;:&quot;1&quot;}\" data-image-title=\"20160420_085343-0101.jpg.jpg\" data-image-description=\"\" data-medium-file=\"https:\/\/asviagens.com\/blog\/wp-content\/uploads\/2016\/06\/20160420_085343-0101-300x300.jpg\" data-large-file=\"https:\/\/asviagens.com\/blog\/wp-content\/uploads\/2016\/06\/20160420_085343-0101-1024x1024.jpg\" src=\"https:\/\/i0.wp.com\/asviagens.com\/blog\/wp-content\/uploads\/2016\/06\/20160420_085343-0101.jpg?w=243&#038;h=244&#038;ssl=1\" srcset=\"https:\/\/asviagens.com\/blog\/wp-content\/uploads\/2016\/06\/20160420_085343-0101.jpg 2988w, https:\/\/asviagens.com\/blog\/wp-content\/uploads\/2016\/06\/20160420_085343-0101-150x150.jpg 150w, https:\/\/asviagens.com\/blog\/wp-content\/uploads\/2016\/06\/20160420_085343-0101-300x300.jpg 300w, https:\/\/asviagens.com\/blog\/wp-content\/uploads\/2016\/06\/20160420_085343-0101-768x768.jpg 768w, https:\/\/asviagens.com\/blog\/wp-content\/uploads\/2016\/06\/20160420_085343-0101-1024x1024.jpg 1024w\" width=\"243\" height=\"244\" loading=\"lazy\" data-original-width=\"243\" data-original-height=\"244\" itemprop=\"http:\/\/schema.org\/image\" title=\"20160420_085343-0101.jpg.jpg\" alt=\"Logotipo pessoal (e anteriormente o logotipo do &quot;Atr\u00e1s do Sol Posto&quot;)\" style=\"width: 243px; height: 244px;\" \/> <\/a> <div class=\"tiled-gallery-caption\" itemprop=\"caption description\"> Logotipo pessoal (e anteriormente o logotipo do &#8220;Atr\u00e1s do Sol Posto&#8221;) <\/div> <\/div> <\/div> <!-- close group --> <\/div> <!-- close row --> <\/div>\n<\/div>\n<h3 class=\"body-text\"><\/h3>\n<p>&nbsp;<\/p>\n<h3 class=\"body-text\"><strong>Mota actual:\u00a0Yamaha XT1200Z Super T\u00e9n\u00e9r\u00e9<\/strong><\/h3>\n<div class=\"body-text\">\n<figure id=\"attachment_3506\" aria-describedby=\"caption-attachment-3506\" style=\"width: 740px\" class=\"wp-caption aligncenter\"><a href=\"http:\/\/asviagens.com\/wp-content\/uploads\/2017\/01\/LRM_EXPORT_20170402_192029.jpg\" rel=\"lightbox[3117]\"><img loading=\"lazy\" decoding=\"async\" data-attachment-id=\"3506\" data-permalink=\"https:\/\/asviagens.com\/blog\/gear-list-goncalo\/lrm_export_20170402_192029\/\" data-orig-file=\"https:\/\/asviagens.com\/blog\/wp-content\/uploads\/2017\/01\/LRM_EXPORT_20170402_192029.jpg\" data-orig-size=\"4032,2268\" data-comments-opened=\"1\" data-image-meta=\"{&quot;aperture&quot;:&quot;0&quot;,&quot;credit&quot;:&quot;&quot;,&quot;camera&quot;:&quot;&quot;,&quot;caption&quot;:&quot;&quot;,&quot;created_timestamp&quot;:&quot;0&quot;,&quot;copyright&quot;:&quot;&quot;,&quot;focal_length&quot;:&quot;0&quot;,&quot;iso&quot;:&quot;0&quot;,&quot;shutter_speed&quot;:&quot;0&quot;,&quot;title&quot;:&quot;&quot;,&quot;orientation&quot;:&quot;0&quot;}\" data-image-title=\"LRM_EXPORT_20170402_192029\" data-image-description=\"\" data-image-caption=\"\" data-large-file=\"https:\/\/asviagens.com\/blog\/wp-content\/uploads\/2017\/01\/LRM_EXPORT_20170402_192029-1024x576.jpg\" class=\"wp-image-3506 size-large\" src=\"http:\/\/asviagens.com\/wp-content\/uploads\/2017\/01\/LRM_EXPORT_20170402_192029-1024x576.jpg\" width=\"740\" height=\"416\" srcset=\"https:\/\/asviagens.com\/blog\/wp-content\/uploads\/2017\/01\/LRM_EXPORT_20170402_192029-1024x576.jpg 1024w, https:\/\/asviagens.com\/blog\/wp-content\/uploads\/2017\/01\/LRM_EXPORT_20170402_192029-300x169.jpg 300w, https:\/\/asviagens.com\/blog\/wp-content\/uploads\/2017\/01\/LRM_EXPORT_20170402_192029-768x432.jpg 768w\" sizes=\"auto, (max-width: 740px) 100vw, 740px\" \/><\/a><figcaption id=\"caption-attachment-3506\" class=\"wp-caption-text\">A\u00a0minha moto de sonho (por enquanto \ud83d\ude42 )<\/figcaption><\/figure>\n<p><strong>Extras<\/strong>:<\/p>\n<ul>\n<li>Punhos aquecidos Oxford adventure<\/li>\n<li>Topcase Givi Trekker Outback 58L + Rede Oxford + Base de aluminio<\/li>\n<li>Malas laterais Givi Trekker Outback 37L + Sacos interiores decathlon<\/li>\n<li>Xenon<\/li>\n<li>Piscas LED originais Yamaha<\/li>\n<li>Barra de LEDs, para m\u00e1ximos<\/li>\n<li>2 X Far\u00f3is auxiliares de LEDs, para m\u00e9dios<\/li>\n<li>Defletores de vento Yamaha<\/li>\n<li>Protec\u00e7\u00e3o de carter Yamaha em alum\u00ednio<\/li>\n<li>Barras laterais Givi<\/li>\n<li>Protec\u00e7\u00f5es de ba\u00ednhas DS , em alum\u00ednio + pelicula de carbono<\/li>\n<li>Protec\u00e7\u00f5es de m\u00e3os\u00a0Kobra<\/li>\n<li>Protec\u00e7\u00e3o de farol DS, moldada ao farol e modificada com quick release<\/li>\n<li>Protec\u00e7\u00e3o de farol em acrilico, Yamaha<\/li>\n<li>Cobertura quadrante em aluminio, DS<\/li>\n<li>RAM mounts + X-Grip<\/li>\n<li>Tankbag Givi<\/li>\n<li>Tomada 12v<\/li>\n<li>Garmin Zumo 595 + Suporte costumizado overdash (RAM)<\/li>\n<li>Descanso central<\/li>\n<li>Base alargada de descanso lateral\u00a0&#8220;Camel Toe&#8221;<\/li>\n<li>Sticker Pack Yamaha Worldcrosser<\/li>\n<\/ul>\n<\/div>\n<div class=\"body-text\">\n<p>&nbsp;<\/p>\n<\/div>\n<h3 class=\"body-text\"><strong>Equipamento pessoal\/condu\u00e7\u00e3o para mota:<\/strong><\/h3>\n<ul>\n<li><strong>Casaco 3 esta\u00e7\u00f5es + ver\u00e3o<\/strong>: Clover Ventouring 2<\/li>\n<li><strong>Casaco 4 esta\u00e7\u00f5es + touring:\u00a0<\/strong>Clover Crossover 3<\/li>\n<li><strong>Softshell:<\/strong> Decathlon &#8211; Vela<\/li>\n<li><strong>Cal\u00e7as<\/strong>: Clover Ventouring<\/li>\n<li><strong>Luvas ver\u00e3o<\/strong>: Clover WRZ<\/li>\n<li><strong>Luvas inverno:\u00a0<\/strong>Clover Raptor 2<\/li>\n<li><strong>Botas urban\/ver\u00e3o<\/strong>: Forma Derby<\/li>\n<li><strong>Botas turismo\/viagem\/inverno<\/strong>: Forma Adventure Low Black<\/li>\n<li><strong>Botas multiuso<\/strong>: Falco Volt 2 ADV<\/li>\n<li><strong>Capacete<\/strong>: Nolan\/X-Lite X-551 GT<\/li>\n<li><strong>Intercomunicador<\/strong>: Interphone Tour<\/li>\n<li><strong>Outros<\/strong>: Roupa t\u00e9cnica &#8220;Crivit&#8221; (Cal\u00e7as, camisolas, balaclavas), buffs diversos<\/li>\n<\/ul>\n<p>&nbsp;<\/p>\n<h3 class=\"body-text\"><strong>Equipamento Campismo:<\/strong><\/h3>\n<ul>\n<li><strong>Tenda todo o ano\/viagem:<\/strong>\u00a0Quechua Fresh&amp;Black 2 pessoas<\/li>\n<li><strong>Colch\u00e3o:<\/strong>\u00a0 Quechua\u00a0Forclaz air Ultralight<\/li>\n<li><strong>Saco-Cama inverno:<\/strong>\u00a0 Quechua\u00a0Quechua S5 Ultralight<\/li>\n<li><strong>Saco-Cama\u00a0ver\u00e3o: <\/strong>Berg adventure 15<\/li>\n<li><strong>Luz campismo:<\/strong> Quechua com dinamo e bateria<\/li>\n<li><strong>Frontal:\u00a0<\/strong>Geonaute Onnight 210 AAA<\/li>\n<li><strong>Diversos:<\/strong> Spork Light my fire<\/li>\n<\/ul>\n<p>&nbsp;<\/p>\n<h3 class=\"body-text\"><strong>Equipamento Electr\u00f3nico:<\/strong><\/h3>\n<ul>\n<li><strong>Action cam:<\/strong>\u00a0Gopro Hero 4 Silver<\/li>\n<li><strong>M\u00e1quina fotografica\/filme:<\/strong>\u00a0\u00a0Sony RX100M2<\/li>\n<li><strong>Acess\u00f3rios m\u00e1quinas: <\/strong>3 baterias + chesty + gorilla pod + monopod, diversos mounts, bolsas e cart\u00f5es de mem\u00f3ria, caixa estanque.<\/li>\n<li><strong>T\u00e9lemovel\/camera\/gps de m\u00e3o<\/strong>: Galaxy S7 Edge<\/li>\n<li><strong>Carregadores e baterias:<\/strong>\u00a0Itian fast charger (x2), carregadores gen\u00e9ricos \u00a0(5V-1\/2A), TP-Link Powerbank 10000mah, 2 X powerbank gen\u00e9ricos 2800mah<\/li>\n<li><strong>Tablet: <\/strong>Asus zenpad S 8.0<\/li>\n<\/ul>\n<p>&nbsp;<\/p>\n<h3 class=\"body-text\"><strong>Equipamento Bicicleta:<\/strong><\/h3>\n<ul>\n<li><strong>Capacete BTT<\/strong>: 661<\/li>\n<li><strong>Capacete estrada<\/strong>: Specialized<\/li>\n<li><strong>Luvas ver\u00e3o:<\/strong> Endura<\/li>\n<li><strong>Luvas Inverno:<\/strong> Endura<\/li>\n<li><strong>Meias:<\/strong> Diversas Stance<\/li>\n<li><strong>Sapatos encaixe<\/strong>: Mavic<\/li>\n<li><strong>Sapatos plataforma<\/strong>: FiveTen<\/li>\n<li><strong>Jerseys:<\/strong> Diversos de diversas marcas<\/li>\n<li><strong>Cal\u00e7\u00f5es BTT:<\/strong> B-Twin<\/li>\n<li><strong>Cal\u00e7\u00f5es estrada:<\/strong> B-Twin<\/li>\n<li><strong>Cal\u00e7\u00f5es Multi-uso:<\/strong> FOX demo cargo<\/li>\n<li><strong>Cal\u00e7\u00f5es interiores:<\/strong> B-Twin<\/li>\n<\/ul>\n","protected":false},"excerpt":{"rendered":"<p>O gosto por viagens \u00e9 imenso, e cada vez maior, sejam de que tipo forem. Quanto ao andar de mota \u00e9 mesmo\u00a0uma paix\u00e3o mas n\u00e3o s\u00f3 isso como tudo \u00e0&#8230;<\/p>\n","protected":false},"author":2,"featured_media":3433,"parent":0,"menu_order":0,"comment_status":"closed","ping_status":"closed","template":"","meta":{"jetpack_post_was_ever_published":false,"footnotes":""},"categories":[68,165],"tags":[],"class_list":["post-3117","page","type-page","status-publish","has-post-thumbnail","hentry","category-equipa","category-equipamento"],"jetpack_sharing_enabled":true,"jetpack_shortlink":"https:\/\/wp.me\/PbviYY-Oh","jetpack-related-posts":[],"_links":{"self":[{"href":"https:\/\/asviagens.com\/blog\/wp-json\/wp\/v2\/pages\/3117","targetHints":{"allow":["GET"]}}],"collection":[{"href":"https:\/\/asviagens.com\/blog\/wp-json\/wp\/v2\/pages"}],"about":[{"href":"https:\/\/asviagens.com\/blog\/wp-json\/wp\/v2\/types\/page"}],"author":[{"embeddable":true,"href":"https:\/\/asviagens.com\/blog\/wp-json\/wp\/v2\/users\/2"}],"replies":[{"embeddable":true,"href":"https:\/\/asviagens.com\/blog\/wp-json\/wp\/v2\/comments?post=3117"}],"version-history":[{"count":19,"href":"https:\/\/asviagens.com\/blog\/wp-json\/wp\/v2\/pages\/3117\/revisions"}],"predecessor-version":[{"id":4925,"href":"https:\/\/asviagens.com\/blog\/wp-json\/wp\/v2\/pages\/3117\/revisions\/4925"}],"wp:featuredmedia":[{"embeddable":true,"href":"https:\/\/asviagens.com\/blog\/wp-json\/wp\/v2\/media\/3433"}],"wp:attachment":[{"href":"https:\/\/asviagens.com\/blog\/wp-json\/wp\/v2\/media?parent=3117"}],"wp:term":[{"taxonomy":"category","embeddable":true,"href":"https:\/\/asviagens.com\/blog\/wp-json\/wp\/v2\/categories?post=3117"},{"taxonomy":"post_tag","embeddable":true,"href":"https:\/\/asviagens.com\/blog\/wp-json\/wp\/v2\/tags?post=3117"}],"curies":[{"name":"wp","href":"https:\/\/api.w.org\/{rel}","templated":true}]}}