{"id":66,"date":"2016-12-21T16:42:00","date_gmt":"2016-12-21T16:42:00","guid":{"rendered":"http:\/\/asviagens.com\/index.php\/saco-cama-forclaz-lig\/"},"modified":"2017-01-25T12:01:35","modified_gmt":"2017-01-25T12:01:35","slug":"saco-cama-forclaz-lig","status":"publish","type":"page","link":"https:\/\/asviagens.com\/blog\/saco-cama-forclaz-lig\/","title":{"rendered":"Review Saco-cama Forclaz Light"},"content":{"rendered":"<p>Tenho h\u00e1 uns bons 9 anos um saco cama Ultra-light da Decathlon de 15\u00baC e agora comprei um de 5\u00baC para brincadeiras mais agressivas.<\/p>\n<div class=\"separator\" style=\"clear: both; text-align: center;\">\n<\/div>\n<div class=\"separator\" style=\"clear: both; text-align: center;\">\n<a href=\"https:\/\/2.bp.blogspot.com\/-QGsWI2MIfhs\/V_Vr6At_r3I\/AAAAAAAAJNs\/UChFuVHzkMIZbfazJIaAklr2bpyTx1zWgCLcB\/s1600\/big_36dbbb5841da4932a73a96726b6b3158.jpg\" imageanchor=\"1\" style=\"margin-left: 1em; margin-right: 1em;\" rel=\"lightbox[66]\"><img loading=\"lazy\" decoding=\"async\" border=\"0\" height=\"320\" src=\"http:\/\/asviagens.com\/wp-content\/uploads\/2016\/12\/big_36dbbb5841da4932a73a96726b6b3158.jpg\" width=\"320\" \/><\/a><\/div>\n<p>O de 15\u00baC tem um tamanho e peso brutal e a qualidade fala por si, mais de 9 anos de uso e impec\u00e1vel, fechos, tecidos, j\u00e1 foi lavado uma dezena de vezes e continua impec\u00e1vel.<\/p>\n<div class=\"separator\" style=\"clear: both; text-align: center;\">\n<a href=\"https:\/\/2.bp.blogspot.com\/-yEPNMaPI98o\/V_Vr6Z0PkpI\/AAAAAAAAJN4\/CtLuJzEoF5Q6_j2_ClgZPqnx1ramabJrwCLcB\/s1600\/big_a545d5d1b3ad4ae7a61a9c3ec8f1f001.jpg\" imageanchor=\"1\" style=\"margin-left: 1em; margin-right: 1em;\" rel=\"lightbox[66]\"><img loading=\"lazy\" decoding=\"async\" border=\"0\" height=\"260\" src=\"http:\/\/asviagens.com\/wp-content\/uploads\/2016\/12\/big_a545d5d1b3ad4ae7a61a9c3ec8f1f001.jpg\" width=\"320\" \/><\/a><\/div>\n<p>O seu formato m\u00famia bem justo ao corpo assusta, mas \u00e9 para ser mais compacto e eficiente, pois quanto menos ar tiver no seu interior mais f\u00e1cil o isolamento.<\/p>\n<div class=\"separator\" style=\"clear: both; text-align: center;\">\n<a href=\"https:\/\/3.bp.blogspot.com\/-nBoDfISjLU8\/V_Vr6ED8HxI\/AAAAAAAAJN0\/XwUWiu5mRe0CoQ1HoE_VtzXpZy5FiCOswCLcB\/s1600\/big_1178ab1be792426fbff82daf7e595a56.jpg\" imageanchor=\"1\" style=\"margin-left: 1em; margin-right: 1em;\" rel=\"lightbox[66]\"><img loading=\"lazy\" decoding=\"async\" border=\"0\" height=\"320\" src=\"http:\/\/asviagens.com\/wp-content\/uploads\/2016\/12\/big_1178ab1be792426fbff82daf7e595a56.jpg\" width=\"320\" \/><\/a><\/div>\n<p>O de 5\u00baC ocupa um pouco mais de espa\u00e7o mas permite outro tipo de conforto em noites mais frias, j\u00e1 dormi v\u00e1rias noites com temperaturas perto dos 5\u00baC sem roupa e cumpre o que lhe \u00e9 pedido. Muito mais &#8220;fofinho&#8221; por ser mais grosso, \u00e9 muito acolhedor e tem mais espa\u00e7o que o de 15\u00baC.<\/p>\n<div class=\"separator\" style=\"clear: both; text-align: center;\">\n<a href=\"https:\/\/2.bp.blogspot.com\/-fzyb6nTU_O4\/V_Vr6PCCduI\/AAAAAAAAJNw\/U9JdmILt7gkV3EEgak-O9KakcCLWMf3AgCLcB\/s1600\/big_0e9c847cdbdc4c7bac40fdae31776510.jpg\" imageanchor=\"1\" style=\"margin-left: 1em; margin-right: 1em;\" rel=\"lightbox[66]\"><img loading=\"lazy\" decoding=\"async\" border=\"0\" height=\"320\" src=\"http:\/\/asviagens.com\/wp-content\/uploads\/2016\/12\/big_0e9c847cdbdc4c7bac40fdae31776510.jpg\" width=\"320\" \/><\/a><\/div>\n<p>Existem v\u00e1rios tamanhos nos dois modelos L-XL&#8230;<\/p>\n<p>Para noites mais frias ainda tenho um reactor da sea-to-summit que tem o seu review \u00e0 parte.<\/p>\n<div class=\"separator\" style=\"clear: both; text-align: center;\">\n<a href=\"https:\/\/1.bp.blogspot.com\/-U0l1G3fALok\/V_Vr6T9A6II\/AAAAAAAAJOA\/EBKxnLtPaK8C3J0PoabatCTu3s2k_kEJgCLcB\/s1600\/big_a9c076a02b404afc93779f93f5a72fb2.jpg\" imageanchor=\"1\" style=\"margin-left: 1em; margin-right: 1em;\" rel=\"lightbox[66]\"><img loading=\"lazy\" decoding=\"async\" border=\"0\" height=\"200\" src=\"http:\/\/asviagens.com\/wp-content\/uploads\/2016\/12\/big_a9c076a02b404afc93779f93f5a72fb2.jpg\" width=\"200\" \/><\/a><a href=\"https:\/\/3.bp.blogspot.com\/-20KW-vuxjEo\/V_Vr6ZkB6HI\/AAAAAAAAJN8\/okzpK-c5KZg9CMHnMiXDmCyd35zViSVPgCLcB\/s1600\/big_d429d846b4544019bafc34c6c369f8c3.jpg\" imageanchor=\"1\" style=\"margin-left: 1em; margin-right: 1em;\" rel=\"lightbox[66]\"><img loading=\"lazy\" decoding=\"async\" border=\"0\" height=\"200\" src=\"http:\/\/asviagens.com\/wp-content\/uploads\/2016\/12\/big_d429d846b4544019bafc34c6c369f8c3.jpg\" width=\"200\" \/><\/a><\/div>\n<p>\nA juntar a isto tudo a garantia Decathlon que \u00e9 algo de brutal, basta a compra estar registada no cart\u00e3o e nao precisamos de tal\u00e3o para fazer uma troca em qualquer loja da Europa, j\u00e1 foi testado por mim, tive um problema no antigo colch\u00e3o a meio de uma viagem em Fran\u00e7a e fui a uma loja e trocaram-me o colch\u00e3o na hora.<\/p>\n<div class=\"separator\" style=\"clear: both; text-align: center;\">\n<a href=\"https:\/\/2.bp.blogspot.com\/-kVjdvpwf0tw\/V_VsdpQhxuI\/AAAAAAAAJOE\/EaMrIot2xBI8XzZ35DiOtTp0rBwABfB-QCLcB\/s1600\/big_c7b5b775624347a1be2c3e56292c1767.jpg\" imageanchor=\"1\" style=\"margin-left: 1em; margin-right: 1em;\" rel=\"lightbox[66]\"><img loading=\"lazy\" decoding=\"async\" border=\"0\" height=\"200\" src=\"http:\/\/asviagens.com\/wp-content\/uploads\/2016\/12\/big_c7b5b775624347a1be2c3e56292c1767.jpg\" width=\"200\" \/><\/a><\/div>\n<p>Conclus\u00e3o: Qualidade brutal, conforto, volume e acima de tudo pre\u00e7os bem mais baixos que outras marcas que se dizem de topo.<\/p>\n<p>Para o conhecerem d\u00eaem uma saltada a uma Loja Decathlon ou a&nbsp;<a href=\"http:\/\/www.decathlon.pt\/\" style=\"background-color: white; color: #838383; font-family: Verdana, Geneva, sans-serif; font-size: 13.2px; text-decoration: none;\">www.decathlon.pt<\/a><\/p>\n<p>\nSe gostaram do review e quiserem receber mais novidades fa\u00e7am like no <a href=\"https:\/\/www.facebook.com\/asviagenscom\/\" target=\"_blank\">facebook&nbsp;<\/a><br \/>\n<br \/>\n<iframe loading=\"lazy\" allowtransparency=\"true\" frameborder=\"0\" height=\"80\" scrolling=\"no\" src=\"https:\/\/www.facebook.com\/plugins\/like.php?href=https%3A%2F%2Fwww.facebook.com%2Fasviagenscom%2F&amp;width=640&amp;layout=standard&amp;action=like&amp;size=large&amp;show_faces=true&amp;share=true&amp;height=80&amp;appId\" style=\"border: none; overflow: hidden;\" width=\"640\"><\/iframe><\/p>\n","protected":false},"excerpt":{"rendered":"<p>Tenho h\u00e1 uns bons 9 anos um saco cama Ultra-light da Decathlon de 15\u00baC e agora comprei um de 5\u00baC para brincadeiras mais agressivas. O de 15\u00baC tem um tamanho&#8230;<\/p>\n","protected":false},"author":3,"featured_media":95,"parent":0,"menu_order":0,"comment_status":"open","ping_status":"closed","template":"","meta":{"jetpack_post_was_ever_published":false,"footnotes":""},"categories":[61],"tags":[],"class_list":["post-66","page","type-page","status-publish","has-post-thumbnail","hentry","category-reviews"],"jetpack_sharing_enabled":true,"jetpack_shortlink":"https:\/\/wp.me\/PbviYY-14","jetpack-related-posts":[],"_links":{"self":[{"href":"https:\/\/asviagens.com\/blog\/wp-json\/wp\/v2\/pages\/66","targetHints":{"allow":["GET"]}}],"collection":[{"href":"https:\/\/asviagens.com\/blog\/wp-json\/wp\/v2\/pages"}],"about":[{"href":"https:\/\/asviagens.com\/blog\/wp-json\/wp\/v2\/types\/page"}],"author":[{"embeddable":true,"href":"https:\/\/asviagens.com\/blog\/wp-json\/wp\/v2\/users\/3"}],"replies":[{"embeddable":true,"href":"https:\/\/asviagens.com\/blog\/wp-json\/wp\/v2\/comments?post=66"}],"version-history":[{"count":1,"href":"https:\/\/asviagens.com\/blog\/wp-json\/wp\/v2\/pages\/66\/revisions"}],"predecessor-version":[{"id":100,"href":"https:\/\/asviagens.com\/blog\/wp-json\/wp\/v2\/pages\/66\/revisions\/100"}],"wp:featuredmedia":[{"embeddable":true,"href":"https:\/\/asviagens.com\/blog\/wp-json\/wp\/v2\/media\/95"}],"wp:attachment":[{"href":"https:\/\/asviagens.com\/blog\/wp-json\/wp\/v2\/media?parent=66"}],"wp:term":[{"taxonomy":"category","embeddable":true,"href":"https:\/\/asviagens.com\/blog\/wp-json\/wp\/v2\/categories?post=66"},{"taxonomy":"post_tag","embeddable":true,"href":"https:\/\/asviagens.com\/blog\/wp-json\/wp\/v2\/tags?post=66"}],"curies":[{"name":"wp","href":"https:\/\/api.w.org\/{rel}","templated":true}]}}